{"id":1394,"date":"2018-05-03T07:52:20","date_gmt":"2018-05-03T07:52:20","guid":{"rendered":"http:\/\/customifysites.com\/customify-2018\/?page_id=1394"},"modified":"2025-12-29T21:38:17","modified_gmt":"2025-12-29T19:38:17","slug":"home","status":"publish","type":"page","link":"https:\/\/www.polarscent.com\/en\/","title":{"rendered":"Home"},"content":{"rendered":"<div data-elementor-type=\"wp-post\" data-elementor-id=\"1394\" class=\"elementor elementor-1394\">\n\t\t\t\t\t\t\t\t\t<section class=\"elementor-section elementor-top-section elementor-element elementor-element-48a8a999 elementor-section-boxed elementor-section-height-default elementor-section-height-default\" data-id=\"48a8a999\" data-element_type=\"section\" data-settings=\"{&quot;background_background&quot;:&quot;classic&quot;}\">\n\t\t\t\t\t\t\t<div class=\"elementor-background-overlay\"><\/div>\n\t\t\t\t\t\t\t<div class=\"elementor-container elementor-column-gap-default\">\n\t\t\t\t\t<div class=\"elementor-column elementor-col-100 elementor-top-column elementor-element elementor-element-55854edd\" data-id=\"55854edd\" data-element_type=\"column\">\n\t\t\t<div class=\"elementor-widget-wrap elementor-element-populated\">\n\t\t\t\t\t\t\t\t<div class=\"elementor-element elementor-element-7260f667 animated-slow e-transform e-transform elementor-invisible elementor-widget elementor-widget-heading\" data-id=\"7260f667\" data-element_type=\"widget\" data-settings=\"{&quot;_animation&quot;:&quot;fadeIn&quot;,&quot;_animation_delay&quot;:200,&quot;_transform_translateX_effect_hover&quot;:{&quot;unit&quot;:&quot;px&quot;,&quot;size&quot;:0,&quot;sizes&quot;:[]},&quot;_transform_scale_effect_hover&quot;:{&quot;unit&quot;:&quot;px&quot;,&quot;size&quot;:1.100000000000000088817841970012523233890533447265625,&quot;sizes&quot;:[]},&quot;_transform_translateX_effect_hover_tablet&quot;:{&quot;unit&quot;:&quot;px&quot;,&quot;size&quot;:&quot;&quot;,&quot;sizes&quot;:[]},&quot;_transform_translateX_effect_hover_mobile&quot;:{&quot;unit&quot;:&quot;px&quot;,&quot;size&quot;:&quot;&quot;,&quot;sizes&quot;:[]},&quot;_transform_translateY_effect_hover&quot;:{&quot;unit&quot;:&quot;px&quot;,&quot;size&quot;:&quot;&quot;,&quot;sizes&quot;:[]},&quot;_transform_translateY_effect_hover_tablet&quot;:{&quot;unit&quot;:&quot;px&quot;,&quot;size&quot;:&quot;&quot;,&quot;sizes&quot;:[]},&quot;_transform_translateY_effect_hover_mobile&quot;:{&quot;unit&quot;:&quot;px&quot;,&quot;size&quot;:&quot;&quot;,&quot;sizes&quot;:[]},&quot;_transform_scale_effect_hover_tablet&quot;:{&quot;unit&quot;:&quot;px&quot;,&quot;size&quot;:&quot;&quot;,&quot;sizes&quot;:[]},&quot;_transform_scale_effect_hover_mobile&quot;:{&quot;unit&quot;:&quot;px&quot;,&quot;size&quot;:&quot;&quot;,&quot;sizes&quot;:[]}}\" data-widget_type=\"heading.default\">\n\t\t\t\t<div class=\"elementor-widget-container\">\n\t\t\t<h2 class=\"elementor-heading-title elementor-size-default\">Kiistaton todiste arjen ty\u00f6st\u00e4.<\/h2>\t\t<\/div>\n\t\t\t\t<\/div>\n\t\t\t\t\t<\/div>\n\t\t<\/div>\n\t\t\t\t\t\t\t<\/div>\n\t\t<\/section>\n\t\t\t\t<section class=\"elementor-section elementor-top-section elementor-element elementor-element-37fe3095 elementor-section-boxed elementor-section-height-default elementor-section-height-default\" data-id=\"37fe3095\" data-element_type=\"section\" data-settings=\"{&quot;background_background&quot;:&quot;classic&quot;}\">\n\t\t\t\t\t\t<div class=\"elementor-container elementor-column-gap-default\">\n\t\t\t\t\t<div class=\"elementor-column elementor-col-100 elementor-top-column elementor-element elementor-element-6c5b8243\" data-id=\"6c5b8243\" data-element_type=\"column\">\n\t\t\t<div class=\"elementor-widget-wrap elementor-element-populated\">\n\t\t\t\t\t\t\t\t<div class=\"elementor-element elementor-element-126ce91d elementor-widget elementor-widget-heading\" data-id=\"126ce91d\" data-element_type=\"widget\" data-widget_type=\"heading.default\">\n\t\t\t\t<div class=\"elementor-widget-container\">\n\t\t\t<h2 class=\"elementor-heading-title elementor-size-default\"><p data-start=\"787\" data-end=\"864\"><strong data-start=\"787\" data-end=\"864\">Dokumentointikonsepteja tilanteisiin, joissa todennettavuus on olennaista<\/strong><span style=\"font-family: -apple-system, BlinkMacSystemFont, &quot;Segoe UI&quot;, Roboto, &quot;Helvetica Neue&quot;, Arial, sans-serif;\"><\/span><\/p><\/h2>\t\t<\/div>\n\t\t\t\t<\/div>\n\t\t\t\t<div class=\"elementor-element elementor-element-59dcaaa1 elementor-widget elementor-widget-heading\" data-id=\"59dcaaa1\" data-element_type=\"widget\" data-widget_type=\"heading.default\">\n\t\t\t\t<div class=\"elementor-widget-container\">\n\t\t\t<div class=\"elementor-heading-title elementor-size-default\"><p data-start=\"585\" data-end=\"661\"><span style=\"font-family: -apple-system, BlinkMacSystemFont, &quot;Segoe UI&quot;, Roboto, &quot;Helvetica Neue&quot;, Arial, sans-serif;\">Polarscent kehitt\u00e4\u00e4 riippumattomia dokumentointimalleja, joiden avulla arjen ty\u00f6 voidaan tehd\u00e4 j\u00e4lkik\u00e4teen todennettavaksi silloin, kun selkeys, vastuut tai riskienhallinta sit\u00e4 edellytt\u00e4v\u00e4t.<\/span><span style=\"font-family: -apple-system, BlinkMacSystemFont, &quot;Segoe UI&quot;, Roboto, &quot;Helvetica Neue&quot;, Arial, sans-serif;\"><\/span><\/p><\/div>\t\t<\/div>\n\t\t\t\t<\/div>\n\t\t\t\t<div class=\"elementor-element elementor-element-248a6f0 elementor-align-center elementor-widget elementor-widget-button\" data-id=\"248a6f0\" data-element_type=\"widget\" data-widget_type=\"button.default\">\n\t\t\t\t<div class=\"elementor-widget-container\">\n\t\t\t\t\t<div class=\"elementor-button-wrapper\">\n\t\t\t<a href=\"https:\/\/www.polarscent.com\/en\/tietoa-meista\/\" class=\"elementor-button-link elementor-button elementor-size-sm\" role=\"button\">\n\t\t\t\t\t\t<span class=\"elementor-button-content-wrapper\">\n\t\t\t\t\t\t<span class=\"elementor-button-text\">Read more<\/span>\n\t\t<\/span>\n\t\t\t\t\t<\/a>\n\t\t<\/div>\n\t\t\t\t<\/div>\n\t\t\t\t<\/div>\n\t\t\t\t\t<\/div>\n\t\t<\/div>\n\t\t\t\t\t\t\t<\/div>\n\t\t<\/section>\n\t\t\t\t<section class=\"elementor-section elementor-top-section elementor-element elementor-element-5648bce3 elementor-section-boxed elementor-section-height-default elementor-section-height-default\" data-id=\"5648bce3\" data-element_type=\"section\" data-settings=\"{&quot;background_background&quot;:&quot;classic&quot;}\">\n\t\t\t\t\t\t<div class=\"elementor-container elementor-column-gap-no\">\n\t\t\t\t\t<div class=\"elementor-column elementor-col-100 elementor-top-column elementor-element elementor-element-56e672c3\" data-id=\"56e672c3\" data-element_type=\"column\">\n\t\t\t<div class=\"elementor-widget-wrap elementor-element-populated\">\n\t\t\t\t\t\t\t\t<div class=\"elementor-element elementor-element-3c639cf2 elementor-widget elementor-widget-heading\" data-id=\"3c639cf2\" data-element_type=\"widget\" data-widget_type=\"heading.default\">\n\t\t\t\t<div class=\"elementor-widget-container\">\n\t\t\t<h4 class=\"elementor-heading-title elementor-size-default\"><b>Polarscent Oy<\/b> - Our team<\/h4>\t\t<\/div>\n\t\t\t\t<\/div>\n\t\t\t\t<div class=\"elementor-element elementor-element-29e73a8c elementor-align-center elementor-widget elementor-widget-button\" data-id=\"29e73a8c\" data-element_type=\"widget\" data-widget_type=\"button.default\">\n\t\t\t\t<div class=\"elementor-widget-container\">\n\t\t\t\t\t<div class=\"elementor-button-wrapper\">\n\t\t\t<a href=\"https:\/\/www.polarscent.com\/en\/tiimi\/\" class=\"elementor-button-link elementor-button elementor-size-md\" role=\"button\">\n\t\t\t\t\t\t<span class=\"elementor-button-content-wrapper\">\n\t\t\t\t\t\t<span class=\"elementor-button-text\">Read more<\/span>\n\t\t<\/span>\n\t\t\t\t\t<\/a>\n\t\t<\/div>\n\t\t\t\t<\/div>\n\t\t\t\t<\/div>\n\t\t\t\t\t<\/div>\n\t\t<\/div>\n\t\t\t\t\t\t\t<\/div>\n\t\t<\/section>\n\t\t\t\t\t\t\t<\/div>","protected":false},"excerpt":{"rendered":"<p>Kiistaton todiste arjen ty\u00f6st\u00e4. Dokumentointikonsepteja tilanteisiin, joissa todennettavuus on olennaista Polarscent kehitt\u00e4\u00e4 riippumattomia dokumentointimalleja, joiden avulla arjen ty\u00f6 voidaan tehd\u00e4 j\u00e4lkik\u00e4teen todennettavaksi silloin, kun selkeys,&hellip;<\/p>","protected":false},"author":4,"featured_media":0,"parent":0,"menu_order":0,"comment_status":"closed","ping_status":"closed","template":"","meta":{"_mi_skip_tracking":false,"_monsterinsights_sitenote_active":false,"_monsterinsights_sitenote_note":"","_monsterinsights_sitenote_category":0,"footnotes":""},"yoast_head":"<!-- This site is optimized with the Yoast SEO plugin v20.5 - https:\/\/yoast.com\/wordpress\/plugins\/seo\/ -->\n<title>Etusivu - Polarscent<\/title>\n<meta name=\"robots\" content=\"index, follow, max-snippet:-1, max-image-preview:large, max-video-preview:-1\" \/>\n<link rel=\"canonical\" href=\"https:\/\/www.polarscent.com\/en\/\" \/>\n<meta property=\"og:locale\" content=\"en_US\" \/>\n<meta property=\"og:type\" content=\"article\" \/>\n<meta property=\"og:title\" content=\"Etusivu - Polarscent\" \/>\n<meta property=\"og:description\" content=\"Kiistaton todiste arjen ty\u00f6st\u00e4. Dokumentointikonsepteja tilanteisiin, joissa todennettavuus on olennaista Polarscent kehitt\u00e4\u00e4 riippumattomia dokumentointimalleja, joiden avulla arjen ty\u00f6 voidaan tehd\u00e4 j\u00e4lkik\u00e4teen todennettavaksi silloin, kun selkeys,&hellip;\" \/>\n<meta property=\"og:url\" content=\"https:\/\/www.polarscent.com\/en\/\" \/>\n<meta property=\"og:site_name\" content=\"Polarscent\" \/>\n<meta property=\"article:modified_time\" content=\"2025-12-29T19:38:17+00:00\" \/>\n<meta name=\"twitter:card\" content=\"summary_large_image\" \/>\n<meta name=\"twitter:label1\" content=\"Est. reading time\" \/>\n\t<meta name=\"twitter:data1\" content=\"1 minute\" \/>\n<script type=\"application\/ld+json\" class=\"yoast-schema-graph\">{\"@context\":\"https:\/\/schema.org\",\"@graph\":[{\"@type\":\"WebPage\",\"@id\":\"https:\/\/www.polarscent.com\/\",\"url\":\"https:\/\/www.polarscent.com\/\",\"name\":\"Etusivu - Polarscent\",\"isPartOf\":{\"@id\":\"https:\/\/www.polarscent.com\/#website\"},\"datePublished\":\"2018-05-03T07:52:20+00:00\",\"dateModified\":\"2025-12-29T19:38:17+00:00\",\"breadcrumb\":{\"@id\":\"https:\/\/www.polarscent.com\/#breadcrumb\"},\"inLanguage\":\"en-US\",\"potentialAction\":[{\"@type\":\"ReadAction\",\"target\":[\"https:\/\/www.polarscent.com\/\"]}]},{\"@type\":\"BreadcrumbList\",\"@id\":\"https:\/\/www.polarscent.com\/#breadcrumb\",\"itemListElement\":[{\"@type\":\"ListItem\",\"position\":1,\"name\":\"Etusivu\",\"item\":\"https:\/\/www.polarscent.com\/\"},{\"@type\":\"ListItem\",\"position\":2,\"name\":\"Etusivu\"}]},{\"@type\":\"WebSite\",\"@id\":\"https:\/\/www.polarscent.com\/#website\",\"url\":\"https:\/\/www.polarscent.com\/\",\"name\":\"Polarscent\",\"description\":\"Polarscent\",\"publisher\":{\"@id\":\"https:\/\/www.polarscent.com\/#organization\"},\"potentialAction\":[{\"@type\":\"SearchAction\",\"target\":{\"@type\":\"EntryPoint\",\"urlTemplate\":\"https:\/\/www.polarscent.com\/?s={search_term_string}\"},\"query-input\":\"required name=search_term_string\"}],\"inLanguage\":\"en-US\"},{\"@type\":\"Organization\",\"@id\":\"https:\/\/www.polarscent.com\/#organization\",\"name\":\"Polarscent\",\"url\":\"https:\/\/www.polarscent.com\/\",\"logo\":{\"@type\":\"ImageObject\",\"inLanguage\":\"en-US\",\"@id\":\"https:\/\/www.polarscent.com\/#\/schema\/logo\/image\/\",\"url\":\"https:\/\/www.polarscent.com\/wp-content\/uploads\/2021\/09\/cropped-White_1_png.png\",\"contentUrl\":\"https:\/\/www.polarscent.com\/wp-content\/uploads\/2021\/09\/cropped-White_1_png.png\",\"width\":1701,\"height\":893,\"caption\":\"Polarscent\"},\"image\":{\"@id\":\"https:\/\/www.polarscent.com\/#\/schema\/logo\/image\/\"}}]}<\/script>\n<!-- \/ Yoast SEO plugin. -->","yoast_head_json":{"title":"Etusivu - Polarscent","robots":{"index":"index","follow":"follow","max-snippet":"max-snippet:-1","max-image-preview":"max-image-preview:large","max-video-preview":"max-video-preview:-1"},"canonical":"https:\/\/www.polarscent.com\/en\/","og_locale":"en_US","og_type":"article","og_title":"Etusivu - Polarscent","og_description":"Kiistaton todiste arjen ty\u00f6st\u00e4. Dokumentointikonsepteja tilanteisiin, joissa todennettavuus on olennaista Polarscent kehitt\u00e4\u00e4 riippumattomia dokumentointimalleja, joiden avulla arjen ty\u00f6 voidaan tehd\u00e4 j\u00e4lkik\u00e4teen todennettavaksi silloin, kun selkeys,&hellip;","og_url":"https:\/\/www.polarscent.com\/en\/","og_site_name":"Polarscent","article_modified_time":"2025-12-29T19:38:17+00:00","twitter_card":"summary_large_image","twitter_misc":{"Est. reading time":"1 minute"},"schema":{"@context":"https:\/\/schema.org","@graph":[{"@type":"WebPage","@id":"https:\/\/www.polarscent.com\/","url":"https:\/\/www.polarscent.com\/","name":"Etusivu - Polarscent","isPartOf":{"@id":"https:\/\/www.polarscent.com\/#website"},"datePublished":"2018-05-03T07:52:20+00:00","dateModified":"2025-12-29T19:38:17+00:00","breadcrumb":{"@id":"https:\/\/www.polarscent.com\/#breadcrumb"},"inLanguage":"en-US","potentialAction":[{"@type":"ReadAction","target":["https:\/\/www.polarscent.com\/"]}]},{"@type":"BreadcrumbList","@id":"https:\/\/www.polarscent.com\/#breadcrumb","itemListElement":[{"@type":"ListItem","position":1,"name":"Etusivu","item":"https:\/\/www.polarscent.com\/"},{"@type":"ListItem","position":2,"name":"Etusivu"}]},{"@type":"WebSite","@id":"https:\/\/www.polarscent.com\/#website","url":"https:\/\/www.polarscent.com\/","name":"Polarscent","description":"Polarscent","publisher":{"@id":"https:\/\/www.polarscent.com\/#organization"},"potentialAction":[{"@type":"SearchAction","target":{"@type":"EntryPoint","urlTemplate":"https:\/\/www.polarscent.com\/?s={search_term_string}"},"query-input":"required name=search_term_string"}],"inLanguage":"en-US"},{"@type":"Organization","@id":"https:\/\/www.polarscent.com\/#organization","name":"Polarscent","url":"https:\/\/www.polarscent.com\/","logo":{"@type":"ImageObject","inLanguage":"en-US","@id":"https:\/\/www.polarscent.com\/#\/schema\/logo\/image\/","url":"https:\/\/www.polarscent.com\/wp-content\/uploads\/2021\/09\/cropped-White_1_png.png","contentUrl":"https:\/\/www.polarscent.com\/wp-content\/uploads\/2021\/09\/cropped-White_1_png.png","width":1701,"height":893,"caption":"Polarscent"},"image":{"@id":"https:\/\/www.polarscent.com\/#\/schema\/logo\/image\/"}}]}},"_links":{"self":[{"href":"https:\/\/www.polarscent.com\/en\/wp-json\/wp\/v2\/pages\/1394"}],"collection":[{"href":"https:\/\/www.polarscent.com\/en\/wp-json\/wp\/v2\/pages"}],"about":[{"href":"https:\/\/www.polarscent.com\/en\/wp-json\/wp\/v2\/types\/page"}],"author":[{"embeddable":true,"href":"https:\/\/www.polarscent.com\/en\/wp-json\/wp\/v2\/users\/4"}],"replies":[{"embeddable":true,"href":"https:\/\/www.polarscent.com\/en\/wp-json\/wp\/v2\/comments?post=1394"}],"version-history":[{"count":111,"href":"https:\/\/www.polarscent.com\/en\/wp-json\/wp\/v2\/pages\/1394\/revisions"}],"predecessor-version":[{"id":2218,"href":"https:\/\/www.polarscent.com\/en\/wp-json\/wp\/v2\/pages\/1394\/revisions\/2218"}],"wp:attachment":[{"href":"https:\/\/www.polarscent.com\/en\/wp-json\/wp\/v2\/media?parent=1394"}],"curies":[{"name":"wp","href":"https:\/\/api.w.org\/{rel}","templated":true}]}}